{"id":53,"date":"2023-03-05T18:20:24","date_gmt":"2023-03-05T17:20:24","guid":{"rendered":"http:\/\/mapiboy.hu\/?page_id=53"},"modified":"2025-10-27T10:59:58","modified_gmt":"2025-10-27T09:59:58","slug":"udvozoljuk-a-mapiboy-kft-weboldalan","status":"publish","type":"page","link":"https:\/\/mapiboy.hu\/","title":{"rendered":"\u00dcdv\u00f6z\u00f6lj\u00fck a MapiBoy Kft. weboldal\u00e1n!"},"content":{"rendered":"\n<p class=\"has-large-font-size\"><strong>Tisztelt L\u00e1togat\u00f3!<\/strong><\/p>\n\n\n\n<p class=\"has-medium-font-size\">Burai Csaba vagyok, k\u00e9rem engedje meg, hogy bemutassam \u00d6nnek a <a data-type=\"URL\" data-id=\"https:\/\/www.mapiboy.hu\" href=\"https:\/\/www.mapiboy.hu\">Mapiboy Kft<\/a>-t.<\/p>\n\n\n<div class=\"wp-block-image\">\n<figure class=\"alignleft size-full is-resized\"><img loading=\"lazy\" decoding=\"async\" width=\"230\" height=\"201\" src=\"https:\/\/mapiboy.hu\/wp-content\/uploads\/2023\/04\/mapi_logo.png\" alt=\"\" class=\"wp-image-196\" style=\"width:254px;height:222px\"\/><\/figure>\n<\/div>\n\n\n<p class=\"has-medium-font-size\">A c\u00e9g alap\u00edt\u00e1sa 2022. augusztus\u00e1ban t\u00f6rt\u00e9nt. Bizony\u00e1ra \u00d6n is eml\u00e9kszik a \u201eKATA\u201d t\u00f6rv\u00e9ny m\u00f3dos\u00edt\u00e1s\u00e1ra, ami miatt \u00e9n is abba a helyzetbe ker\u00fcltem, hogy m\u00e1s v\u00e1llalkoz\u00e1si form\u00e1t keressek. \u00cdgy sz\u00fcletett meg az a d\u00f6nt\u00e9s, hogy egy alanyi mentes kft-ben folytatom a tev\u00e9kenys\u00e9gemet.<\/p>\n\n\n\n<p class=\"has-medium-font-size\"><em>Magamr\u00f3l r\u00f6viden p\u00e1r mondatban:<\/em><\/p>\n\n\n\n<p class=\"has-medium-font-size\">1999-ben v\u00e9geztem \u00e9p\u00fcletburkol\u00f3k\u00e9nt. A bizony\u00edtv\u00e1nyomat nem OKJ szakmai vizsg\u00e1n szereztem meg, hanem a vizsgaid\u0151szak el\u0151tt p\u00e1r h\u00f3nappal rendezett \u00e9p\u00edt\u0151ipari versenyen.<\/p>\n\n\n\n<p class=\"has-medium-font-size\">A felszabadul\u00e1s ut\u00e1n egy kiv\u00e1l\u00f3 csapathoz ker\u00fcltem, ahol nagyon sokat tanultam a szakm\u00e1r\u00f3l.<\/p>\n\n\n\n<p class=\"has-medium-font-size\">Ezen a helyen tal\u00e1lkoztam a <a href=\"https:\/\/www.mapei.com\/hu\/hu\/kezdolap\" target=\"_blank\" rel=\"noreferrer noopener\">MAPEI Kft<\/a>. seg\u00e9danyagaival, ami m\u00e1r akkor is kit\u0171nt a piacon l\u00e9v\u0151 t\u00f6bbi anyag k\u00f6z\u00fcl.<\/p>\n\n\n\n<p class=\"has-medium-font-size\">A <a href=\"https:\/\/www.mapei.com\/hu\/hu\/kezdolap\" target=\"_blank\" rel=\"noreferrer noopener\">Mapei Kft.<\/a> m\u00e1r akkor is tartott magas sz\u00ednvonal\u00fa k\u00e9pz\u00e9seket, amin mi rendszeresen r\u00e9szt vett\u00fcnk.<\/p>\n\n\n\n<p class=\"has-medium-font-size\">Ahol vizsgalehet\u0151s\u00e9g volt ott sikeresen teljes\u00edtett\u00fcnk. Felismert\u00fck, hogy fontos a fejl\u0151d\u00e9s!<\/p>\n\n\n\n<p class=\"has-medium-font-size\">Az\u00f3ta a Mapei term\u00e9keivel dolgozom minden megrendel\u00e9sen. R\u00e9szt veszek a lehets\u00e9ges k\u00e9pz\u00e9seken. A fejl\u0151d\u00e9st a Mester vizsg\u00e1val koron\u00e1ztam meg 2021-ben, majd m\u00e9g ebben az \u00e9vben megszereztem a \u201e<strong>MAPEI min\u0151s\u00edtett szakember<\/strong>\u201d c\u00edmet is. <\/p>\n\n\n<div class=\"wp-block-image\">\n<figure class=\"alignleft size-full is-resized\"><img loading=\"lazy\" decoding=\"async\" width=\"600\" height=\"600\" src=\"https:\/\/mapiboy.hu\/wp-content\/uploads\/2023\/04\/MinositettSzakemberIkon.png\" alt=\"\" class=\"wp-image-191\" style=\"width:221px;height:221px\" srcset=\"https:\/\/mapiboy.hu\/wp-content\/uploads\/2023\/04\/MinositettSzakemberIkon.png 600w, https:\/\/mapiboy.hu\/wp-content\/uploads\/2023\/04\/MinositettSzakemberIkon-300x300.png 300w, https:\/\/mapiboy.hu\/wp-content\/uploads\/2023\/04\/MinositettSzakemberIkon-150x150.png 150w, https:\/\/mapiboy.hu\/wp-content\/uploads\/2023\/04\/MinositettSzakemberIkon-100x100.png 100w\" sizes=\"auto, (max-width: 600px) 100vw, 600px\" \/><\/figure>\n<\/div>\n\n\n<p class=\"has-medium-font-size\">Mindezeket megel\u0151zte, hogy 2017-ben csatlakoztam egy feln\u0151ttk\u00e9pz\u00e9ssel foglalkoz\u00f3 mag\u00e1n iskola oktat\u00f3i kar\u00e1hoz, ahol hidegburkol\u00f3k gyakorlati k\u00e9pz\u00e9s\u00e9ben veszek r\u00e9szt.<\/p>\n\n\n\n<p class=\"has-medium-font-size\">Hogyan sz\u00fcletett meg a <strong>MAPIBOY Kft<\/strong>.?<\/p>\n\n\n\n<p class=\"has-medium-font-size\">Amikor a p\u00e1rommal a c\u00e9g nev\u00e9n gondolkoztunk, fontos szempont volt, hogy a c\u00e9g neve t\u00fckr\u00f6zze a <a href=\"https:\/\/www.mapei.com\/hu\/hu\/kezdolap\" target=\"_blank\" rel=\"noreferrer noopener\">Mapei Kft<\/a>-vel elt\u00f6lt\u00f6tt 23 \u00e9vet, ami alatt fontos kapcsolatokra, bar\u00e1ts\u00e1gokra \u00e9s tud\u00e1sra tettem szert. A c\u00e9g neve a p\u00e1rom fej\u00e9ben sz\u00fcletett meg \u00e9s ahogy kimondta azonnal tudtam, hogy t\u00f6k\u00e9letes n\u00e9v lesz a c\u00e9gnek.<\/p>\n\n\n\n<p class=\"has-medium-font-size\"><strong>Kedves \u00c9rdekl\u0151d\u0151! Miben is tud seg\u00edteni \u00d6nnek a Mapiboy Kft?<\/strong><\/p>\n\n\n\n<ul class=\"wp-block-list\">\n<li class=\"has-medium-font-size\">els\u0151sorban hideg- \u00e9s melegburkolatok kivitelez\u00e9sben a legmagasabb sz\u00ednvonalon<\/li>\n\n\n\n<li class=\"has-medium-font-size\">teljesk\u00f6r\u0171 fel\u00faj\u00edt\u00e1sban<\/li>\n\n\n\n<li class=\"has-medium-font-size\">ha tanulni v\u00e1gyik, szakmai k\u00e9pz\u00e9sben<\/li>\n<\/ul>\n\n\n\n<p class=\"has-medium-font-size\">K\u00e9rem tekintse meg a k\u00e9pes referenci\u00e1nkat a <a href=\"https:\/\/mapiboy.hu\/index.php\/referenciak\/\" data-type=\"page\" data-id=\"86\">gal\u00e9ri\u00e1ban<\/a> !<\/p>\n\n\n<div class=\"wp-block-image\">\n<figure class=\"aligncenter size-full is-resized\"><img loading=\"lazy\" decoding=\"async\" width=\"200\" height=\"130\" src=\"https:\/\/mapiboy.hu\/wp-content\/uploads\/2023\/05\/Logo_regular_2023.jpeg\" alt=\"\" class=\"wp-image-204\" style=\"width:440px;height:287px\"\/><\/figure>\n<\/div>\n\n\n<p class=\"has-medium-font-size\">Ha k\u00e9rd\u00e9se vagy \u00fczenete van <a data-type=\"page\" data-id=\"84\" href=\"https:\/\/mapiboy.hu\/index.php\/kapcsolat\/\">\u00edrja meg <\/a>nek\u00fcnk.<\/p>\n\n\n\n<p class=\"has-medium-font-size\">Ha \u00e1raj\u00e1nlatot k\u00e9rne, meg\u00edrhatja a <a data-type=\"page\" data-id=\"84\" href=\"https:\/\/mapiboy.hu\/index.php\/kapcsolat\/\">Kapcsolat<\/a> men\u00fcpont alatt vagy az <a href=\"mailto:info@mapiboy.hu\">info@mapiboy.hu<\/a> email c\u00edmre, vagy h\u00edvjon a +36(70) 313-5890 telefonsz\u00e1mon.<\/p>\n\n\n\n<p class=\"has-medium-font-size\">Kedves L\u00e1togat\u00f3, tisztelettel k\u00f6sz\u00f6n\u00f6m, hogy elolvasta bemutatkoz\u00e1sunkat.<\/p>\n\n\n\n<p class=\"has-medium-font-size\">Rem\u00e9lem hamarosan tal\u00e1lkozunk!<\/p>\n\n\n\n<p class=\"has-medium-font-size\">K\u00f6sz\u00f6nettel:<\/p>\n\n\n\n<p class=\"has-text-align-center has-medium-font-size\">Burai Csaba a Mapiboy Kft. alap\u00edt\u00f3ja <br>\u00e9s a c\u00e9g \u00fcgyvezet\u0151je.<\/p>\n\n\n\n<div style=\"height:86px\" aria-hidden=\"true\" class=\"wp-block-spacer\"><\/div>\n\n\n<div class=\"pvc_clear\"><\/div><p id=\"pvc_stats_53\" class=\"pvc_stats total_only  pvc_load_by_ajax_update\" data-element-id=\"53\" style=\"\"><i class=\"pvc-stats-icon medium\" aria-hidden=\"true\"><svg aria-hidden=\"true\" focusable=\"false\" data-prefix=\"far\" data-icon=\"chart-bar\" role=\"img\" xmlns=\"http:\/\/www.w3.org\/2000\/svg\" viewBox=\"0 0 512 512\" class=\"svg-inline--fa fa-chart-bar fa-w-16 fa-2x\"><path fill=\"currentColor\" d=\"M396.8 352h22.4c6.4 0 12.8-6.4 12.8-12.8V108.8c0-6.4-6.4-12.8-12.8-12.8h-22.4c-6.4 0-12.8 6.4-12.8 12.8v230.4c0 6.4 6.4 12.8 12.8 12.8zm-192 0h22.4c6.4 0 12.8-6.4 12.8-12.8V140.8c0-6.4-6.4-12.8-12.8-12.8h-22.4c-6.4 0-12.8 6.4-12.8 12.8v198.4c0 6.4 6.4 12.8 12.8 12.8zm96 0h22.4c6.4 0 12.8-6.4 12.8-12.8V204.8c0-6.4-6.4-12.8-12.8-12.8h-22.4c-6.4 0-12.8 6.4-12.8 12.8v134.4c0 6.4 6.4 12.8 12.8 12.8zM496 400H48V80c0-8.84-7.16-16-16-16H16C7.16 64 0 71.16 0 80v336c0 17.67 14.33 32 32 32h464c8.84 0 16-7.16 16-16v-16c0-8.84-7.16-16-16-16zm-387.2-48h22.4c6.4 0 12.8-6.4 12.8-12.8v-70.4c0-6.4-6.4-12.8-12.8-12.8h-22.4c-6.4 0-12.8 6.4-12.8 12.8v70.4c0 6.4 6.4 12.8 12.8 12.8z\" class=\"\"><\/path><\/svg><\/i> <img loading=\"lazy\" decoding=\"async\" width=\"16\" height=\"16\" alt=\"Loading\" src=\"https:\/\/mapiboy.hu\/wp-content\/plugins\/page-views-count\/ajax-loader-2x.gif\" border=0 \/><\/p><div class=\"pvc_clear\"><\/div>\n","protected":false},"excerpt":{"rendered":"<p>Tisztelt L\u00e1togat\u00f3! Burai Csaba vagyok, k\u00e9rem engedje meg, hogy bemutassam \u00d6nnek a Mapiboy Kft-t. A c\u00e9g alap\u00edt\u00e1sa 2022. augusztus\u00e1ban t\u00f6rt\u00e9nt. Bizony\u00e1ra \u00d6n is eml\u00e9kszik a \u201eKATA\u201d t\u00f6rv\u00e9ny m\u00f3dos\u00edt\u00e1s\u00e1ra, ami miatt \u00e9n is abba a helyzetbe ker\u00fcltem, hogy m\u00e1s v\u00e1llalkoz\u00e1si form\u00e1t keressek. \u00cdgy sz\u00fcletett meg az a d\u00f6nt\u00e9s, hogy egy alanyi mentes kft-ben folytatom a tev\u00e9kenys\u00e9gemet. &hellip; <\/p>\n<p class=\"link-more\"><a href=\"https:\/\/mapiboy.hu\/\" class=\"more-link\"><span class=\"screen-reader-text\">&#8222;\u00dcdv\u00f6z\u00f6lj\u00fck a MapiBoy Kft. weboldal\u00e1n!&#8221;<\/span> b\u0151vebben<\/a><\/p>\n","protected":false},"author":1,"featured_media":0,"parent":0,"menu_order":0,"comment_status":"closed","ping_status":"closed","template":"","meta":{"footnotes":""},"class_list":["post-53","page","type-page","status-publish","hentry"],"a3_pvc":{"activated":false,"total_views":1857,"today_views":1},"yoast_head":"<!-- This site is optimized with the Yoast SEO plugin v27.5 - https:\/\/yoast.com\/product\/yoast-seo-wordpress\/ -->\n<title>MapiBoy Kft. | Hideg- \u00e9s melegburkol\u00e1s fels\u0151fokon<\/title>\n<meta name=\"description\" content=\"hideg- \u00e9s melegburkolatok kivitelez\u00e9se a legmagasabb sz\u00ednvonalon. Teljesk\u00f6r\u0171 fel\u00faj\u00edt\u00e1s, ha tanulni v\u00e1gyik, szakmai k\u00e9pz\u00e9s\" \/>\n<meta name=\"robots\" content=\"index, follow, max-snippet:-1, max-image-preview:large, max-video-preview:-1\" \/>\n<link rel=\"canonical\" href=\"https:\/\/mapiboy.hu\/\" \/>\n<meta property=\"og:locale\" content=\"hu_HU\" \/>\n<meta property=\"og:type\" content=\"article\" \/>\n<meta property=\"og:title\" content=\"MapiBoy Kft. | Hideg- \u00e9s melegburkol\u00e1s fels\u0151fokon\" \/>\n<meta property=\"og:description\" content=\"hideg- \u00e9s melegburkolatok kivitelez\u00e9se a legmagasabb sz\u00ednvonalon. Teljesk\u00f6r\u0171 fel\u00faj\u00edt\u00e1s, ha tanulni v\u00e1gyik, szakmai k\u00e9pz\u00e9s\" \/>\n<meta property=\"og:url\" content=\"https:\/\/mapiboy.hu\/\" \/>\n<meta property=\"og:site_name\" content=\"MapiBoy Kft.\" \/>\n<meta property=\"article:modified_time\" content=\"2025-10-27T09:59:58+00:00\" \/>\n<meta property=\"og:image\" content=\"https:\/\/mapiboy.hu\/wp-content\/uploads\/2023\/04\/mapi_logo.png\" \/>\n\t<meta property=\"og:image:width\" content=\"230\" \/>\n\t<meta property=\"og:image:height\" content=\"201\" \/>\n\t<meta property=\"og:image:type\" content=\"image\/png\" \/>\n<meta name=\"twitter:card\" content=\"summary_large_image\" \/>\n<meta name=\"twitter:label1\" content=\"Becs\u00fclt olvas\u00e1si id\u0151\" \/>\n\t<meta name=\"twitter:data1\" content=\"3 perc\" \/>\n<script type=\"application\/ld+json\" class=\"yoast-schema-graph\">{\"@context\":\"https:\\\/\\\/schema.org\",\"@graph\":[{\"@type\":\"WebPage\",\"@id\":\"https:\\\/\\\/mapiboy.hu\\\/\",\"url\":\"https:\\\/\\\/mapiboy.hu\\\/\",\"name\":\"MapiBoy Kft. | Hideg- \u00e9s melegburkol\u00e1s fels\u0151fokon\",\"isPartOf\":{\"@id\":\"https:\\\/\\\/mapiboy.hu\\\/#website\"},\"primaryImageOfPage\":{\"@id\":\"https:\\\/\\\/mapiboy.hu\\\/#primaryimage\"},\"image\":{\"@id\":\"https:\\\/\\\/mapiboy.hu\\\/#primaryimage\"},\"thumbnailUrl\":\"https:\\\/\\\/mapiboy.hu\\\/wp-content\\\/uploads\\\/2023\\\/04\\\/mapi_logo.png\",\"datePublished\":\"2023-03-05T17:20:24+00:00\",\"dateModified\":\"2025-10-27T09:59:58+00:00\",\"description\":\"hideg- \u00e9s melegburkolatok kivitelez\u00e9se a legmagasabb sz\u00ednvonalon. Teljesk\u00f6r\u0171 fel\u00faj\u00edt\u00e1s, ha tanulni v\u00e1gyik, szakmai k\u00e9pz\u00e9s\",\"breadcrumb\":{\"@id\":\"https:\\\/\\\/mapiboy.hu\\\/#breadcrumb\"},\"inLanguage\":\"hu\",\"potentialAction\":[{\"@type\":\"ReadAction\",\"target\":[\"https:\\\/\\\/mapiboy.hu\\\/\"]}]},{\"@type\":\"ImageObject\",\"inLanguage\":\"hu\",\"@id\":\"https:\\\/\\\/mapiboy.hu\\\/#primaryimage\",\"url\":\"https:\\\/\\\/mapiboy.hu\\\/wp-content\\\/uploads\\\/2023\\\/04\\\/mapi_logo.png\",\"contentUrl\":\"https:\\\/\\\/mapiboy.hu\\\/wp-content\\\/uploads\\\/2023\\\/04\\\/mapi_logo.png\",\"width\":230,\"height\":201},{\"@type\":\"BreadcrumbList\",\"@id\":\"https:\\\/\\\/mapiboy.hu\\\/#breadcrumb\",\"itemListElement\":[{\"@type\":\"ListItem\",\"position\":1,\"name\":\"Kezd\u0151lap\",\"item\":\"https:\\\/\\\/mapiboy.hu\\\/\"},{\"@type\":\"ListItem\",\"position\":2,\"name\":\"\u00dcdv\u00f6z\u00f6lj\u00fck a MapiBoy Kft. weboldal\u00e1n!\"}]},{\"@type\":\"WebSite\",\"@id\":\"https:\\\/\\\/mapiboy.hu\\\/#website\",\"url\":\"https:\\\/\\\/mapiboy.hu\\\/\",\"name\":\"MapiBoy Kft.\",\"description\":\"burkolatok, mesterfokon\",\"potentialAction\":[{\"@type\":\"SearchAction\",\"target\":{\"@type\":\"EntryPoint\",\"urlTemplate\":\"https:\\\/\\\/mapiboy.hu\\\/?s={search_term_string}\"},\"query-input\":{\"@type\":\"PropertyValueSpecification\",\"valueRequired\":true,\"valueName\":\"search_term_string\"}}],\"inLanguage\":\"hu\"}]}<\/script>\n<!-- \/ Yoast SEO plugin. -->","yoast_head_json":{"title":"MapiBoy Kft. | Hideg- \u00e9s melegburkol\u00e1s fels\u0151fokon","description":"hideg- \u00e9s melegburkolatok kivitelez\u00e9se a legmagasabb sz\u00ednvonalon. Teljesk\u00f6r\u0171 fel\u00faj\u00edt\u00e1s, ha tanulni v\u00e1gyik, szakmai k\u00e9pz\u00e9s","robots":{"index":"index","follow":"follow","max-snippet":"max-snippet:-1","max-image-preview":"max-image-preview:large","max-video-preview":"max-video-preview:-1"},"canonical":"https:\/\/mapiboy.hu\/","og_locale":"hu_HU","og_type":"article","og_title":"MapiBoy Kft. | Hideg- \u00e9s melegburkol\u00e1s fels\u0151fokon","og_description":"hideg- \u00e9s melegburkolatok kivitelez\u00e9se a legmagasabb sz\u00ednvonalon. Teljesk\u00f6r\u0171 fel\u00faj\u00edt\u00e1s, ha tanulni v\u00e1gyik, szakmai k\u00e9pz\u00e9s","og_url":"https:\/\/mapiboy.hu\/","og_site_name":"MapiBoy Kft.","article_modified_time":"2025-10-27T09:59:58+00:00","og_image":[{"width":230,"height":201,"url":"https:\/\/mapiboy.hu\/wp-content\/uploads\/2023\/04\/mapi_logo.png","type":"image\/png"}],"twitter_card":"summary_large_image","twitter_misc":{"Becs\u00fclt olvas\u00e1si id\u0151":"3 perc"},"schema":{"@context":"https:\/\/schema.org","@graph":[{"@type":"WebPage","@id":"https:\/\/mapiboy.hu\/","url":"https:\/\/mapiboy.hu\/","name":"MapiBoy Kft. | Hideg- \u00e9s melegburkol\u00e1s fels\u0151fokon","isPartOf":{"@id":"https:\/\/mapiboy.hu\/#website"},"primaryImageOfPage":{"@id":"https:\/\/mapiboy.hu\/#primaryimage"},"image":{"@id":"https:\/\/mapiboy.hu\/#primaryimage"},"thumbnailUrl":"https:\/\/mapiboy.hu\/wp-content\/uploads\/2023\/04\/mapi_logo.png","datePublished":"2023-03-05T17:20:24+00:00","dateModified":"2025-10-27T09:59:58+00:00","description":"hideg- \u00e9s melegburkolatok kivitelez\u00e9se a legmagasabb sz\u00ednvonalon. Teljesk\u00f6r\u0171 fel\u00faj\u00edt\u00e1s, ha tanulni v\u00e1gyik, szakmai k\u00e9pz\u00e9s","breadcrumb":{"@id":"https:\/\/mapiboy.hu\/#breadcrumb"},"inLanguage":"hu","potentialAction":[{"@type":"ReadAction","target":["https:\/\/mapiboy.hu\/"]}]},{"@type":"ImageObject","inLanguage":"hu","@id":"https:\/\/mapiboy.hu\/#primaryimage","url":"https:\/\/mapiboy.hu\/wp-content\/uploads\/2023\/04\/mapi_logo.png","contentUrl":"https:\/\/mapiboy.hu\/wp-content\/uploads\/2023\/04\/mapi_logo.png","width":230,"height":201},{"@type":"BreadcrumbList","@id":"https:\/\/mapiboy.hu\/#breadcrumb","itemListElement":[{"@type":"ListItem","position":1,"name":"Kezd\u0151lap","item":"https:\/\/mapiboy.hu\/"},{"@type":"ListItem","position":2,"name":"\u00dcdv\u00f6z\u00f6lj\u00fck a MapiBoy Kft. weboldal\u00e1n!"}]},{"@type":"WebSite","@id":"https:\/\/mapiboy.hu\/#website","url":"https:\/\/mapiboy.hu\/","name":"MapiBoy Kft.","description":"burkolatok, mesterfokon","potentialAction":[{"@type":"SearchAction","target":{"@type":"EntryPoint","urlTemplate":"https:\/\/mapiboy.hu\/?s={search_term_string}"},"query-input":{"@type":"PropertyValueSpecification","valueRequired":true,"valueName":"search_term_string"}}],"inLanguage":"hu"}]}},"_links":{"self":[{"href":"https:\/\/mapiboy.hu\/index.php\/wp-json\/wp\/v2\/pages\/53","targetHints":{"allow":["GET"]}}],"collection":[{"href":"https:\/\/mapiboy.hu\/index.php\/wp-json\/wp\/v2\/pages"}],"about":[{"href":"https:\/\/mapiboy.hu\/index.php\/wp-json\/wp\/v2\/types\/page"}],"author":[{"embeddable":true,"href":"https:\/\/mapiboy.hu\/index.php\/wp-json\/wp\/v2\/users\/1"}],"replies":[{"embeddable":true,"href":"https:\/\/mapiboy.hu\/index.php\/wp-json\/wp\/v2\/comments?post=53"}],"version-history":[{"count":18,"href":"https:\/\/mapiboy.hu\/index.php\/wp-json\/wp\/v2\/pages\/53\/revisions"}],"predecessor-version":[{"id":215,"href":"https:\/\/mapiboy.hu\/index.php\/wp-json\/wp\/v2\/pages\/53\/revisions\/215"}],"wp:attachment":[{"href":"https:\/\/mapiboy.hu\/index.php\/wp-json\/wp\/v2\/media?parent=53"}],"curies":[{"name":"wp","href":"https:\/\/api.w.org\/{rel}","templated":true}]}}